
{"id":593,"date":"2021-05-28T20:28:37","date_gmt":"2021-05-28T20:28:37","guid":{"rendered":"https:\/\/s7template.com\/wp\/ruposhi-new\/?page_id=593"},"modified":"2025-06-17T05:39:10","modified_gmt":"2025-06-17T05:39:10","slug":"contact","status":"publish","type":"page","link":"https:\/\/mctrieuphucnguyen.vn\/?page_id=593","title":{"rendered":"Li\u00ean h\u1ec7"},"content":{"rendered":"\t\t<div data-elementor-type=\"wp-page\" data-elementor-id=\"593\" class=\"elementor elementor-593\">\n\t\t\t\t\t\t<section class=\"elementor-section elementor-top-section elementor-element elementor-element-468b4e1 elementor-section-boxed elementor-section-height-default elementor-section-height-default\" data-id=\"468b4e1\" data-element_type=\"section\">\n\t\t\t\t\t\t<div class=\"elementor-container elementor-column-gap-default\">\n\t\t\t\t\t<div class=\"elementor-column elementor-col-50 elementor-top-column elementor-element elementor-element-c3cc139\" data-id=\"c3cc139\" data-element_type=\"column\">\n\t\t\t<div class=\"elementor-widget-wrap elementor-element-populated\">\n\t\t\t\t\t\t<div class=\"elementor-element elementor-element-442a9ed elementor-widget elementor-widget-google_maps\" data-id=\"442a9ed\" data-element_type=\"widget\" data-widget_type=\"google_maps.default\">\n\t\t\t\t\t\t\t<div class=\"elementor-custom-embed\">\n\t\t\t<iframe loading=\"lazy\"\n\t\t\t\t\tsrc=\"https:\/\/maps.google.com\/maps?q=%C4%90%C3%A0i%20ph%C3%A1t%20thanh%20truy%E1%BB%81n%20h%C3%ACnh%20b%C3%A0%20r%E1%BB%8Ba%20v%C5%A9ng%20t%C3%A0u&#038;t=m&#038;z=10&#038;output=embed&#038;iwloc=near\"\n\t\t\t\t\ttitle=\"\u0110\u00e0i ph\u00e1t thanh truy\u1ec1n h\u00ecnh b\u00e0 r\u1ecba v\u0169ng t\u00e0u\"\n\t\t\t\t\taria-label=\"\u0110\u00e0i ph\u00e1t thanh truy\u1ec1n h\u00ecnh b\u00e0 r\u1ecba v\u0169ng t\u00e0u\"\n\t\t\t><\/iframe>\n\t\t<\/div>\n\t\t\t\t\t\t<\/div>\n\t\t\t\t\t<\/div>\n\t\t<\/div>\n\t\t\t\t<div class=\"elementor-column elementor-col-50 elementor-top-column elementor-element elementor-element-e9185ed\" data-id=\"e9185ed\" data-element_type=\"column\">\n\t\t\t<div class=\"elementor-widget-wrap elementor-element-populated\">\n\t\t\t\t\t\t<div class=\"elementor-element elementor-element-b0f7db2 elementor-widget elementor-widget-ruposhi-section-title\" data-id=\"b0f7db2\" data-element_type=\"widget\" data-widget_type=\"ruposhi-section-title.default\">\n\t\t\t\t<div class=\"elementor-widget-container\">\n\t\t\t\t\t\n\t\t\t\t\t<div class=\"about-inner\">\n                <div class=\"section-title style-two mb-40\">\n                    \t                    <div class=\"line-arrow\">\n\t                        <img decoding=\"async\" src=\"https:\/\/mctrieuphucnguyen.vn\/wp-content\/themes\/ruposhi\/assets\/img\/line-2.png\" alt=\"line\" \/>\n\t                    <\/div>\n\t\t        \t\t<h3 class=\"sub-title\">Th\u00f4ng tin li\u00ean h\u1ec7<\/h3>\n\t\t        \t\t\t        \t\t\t        \t\t<h2 class=\"title\">K\u1ebft n\u1ed1i v\u1edbi t\u00f4i th\u00f4ng qua c\u00e1c k\u00eanh sau:<\/h2>\n\t\t        \t                <\/div>\n                                \t        \t            <\/div>\n\t\t\t\t\t\t<\/div>\n\t\t\t\t<\/div>\n\t\t\t\t<div class=\"elementor-element elementor-element-f5fdee7 elementor-widget elementor-widget-ruposhi-contact\" data-id=\"f5fdee7\" data-element_type=\"widget\" data-widget_type=\"ruposhi-contact.default\">\n\t\t\t\t<div class=\"elementor-widget-container\">\n\t\t\t\t\t\n\t\t<div class=\"contact-area\">\n\t\t\t<div class=\"contact-details mt-2\">\n\t\t\t\t<div class=\"media align-items-center\">\n\t\t        \t\t\t        \t\t\t<div class=\"icon\">\n\t\t\t\t\t\t        <img decoding=\"async\" src=\"https:\/\/mctrieuphucnguyen.vn\/wp-content\/uploads\/2022\/04\/icon4.png\" alt=\"img\">\n\t\t\t\t\t\t    <\/div>\n\t\t        \t\t\t\t        \t<div class=\"media-body\">\n\t\t\t            \t\t\t        \t\t<h4>\u0110\u1ecba ch\u1ec9<\/h4>\n\t\t\t        \t\t\t\t            \t\t\t        \t\t<p>564 C\u00e1ch M\u1ea1ng Th\u00e1ng T\u00e1m, Ph\u01b0\u1edbc Trung, B\u00e0 R\u1ecba, B\u00e0 R\u1ecba - V\u0169ng T\u00e0u<\/p>\n\t\t\t        \t\t\t\t        <\/div>\n\t\t        <\/div>\n\t        <\/div>\n        <\/div>\n\n\t\t\t\t\t<\/div>\n\t\t\t\t<\/div>\n\t\t\t\t<div class=\"elementor-element elementor-element-b68f2ff elementor-widget elementor-widget-ruposhi-contact\" data-id=\"b68f2ff\" data-element_type=\"widget\" data-widget_type=\"ruposhi-contact.default\">\n\t\t\t\t<div class=\"elementor-widget-container\">\n\t\t\t\t\t\n\t\t<div class=\"contact-area\">\n\t\t\t<div class=\"contact-details mt-2\">\n\t\t\t\t<div class=\"media align-items-center\">\n\t\t        \t\t\t        \t\t\t<div class=\"icon\">\n\t\t\t\t\t\t        <img decoding=\"async\" src=\"https:\/\/mctrieuphucnguyen.vn\/wp-content\/uploads\/2022\/04\/icon.png\" alt=\"img\">\n\t\t\t\t\t\t    <\/div>\n\t\t        \t\t\t\t        \t<div class=\"media-body\">\n\t\t\t            \t\t\t        \t\t<h4>S\u1ed1 \u0111i\u1ec7n tho\u1ea1i \/ Zalo \/ Viber<\/h4>\n\t\t\t        \t\t\t\t            \t\t\t        \t\t<p>0931560956 (Mr. Tri\u1ec7u Ph\u00fac Nguy\u00ean)<\/p>\n\t\t\t        \t\t\t\t        <\/div>\n\t\t        <\/div>\n\t        <\/div>\n        <\/div>\n\n\t\t\t\t\t<\/div>\n\t\t\t\t<\/div>\n\t\t\t\t<div class=\"elementor-element elementor-element-35d1255 elementor-widget elementor-widget-ruposhi-contact\" data-id=\"35d1255\" data-element_type=\"widget\" data-widget_type=\"ruposhi-contact.default\">\n\t\t\t\t<div class=\"elementor-widget-container\">\n\t\t\t\t\t\n\t\t<div class=\"contact-area\">\n\t\t\t<div class=\"contact-details mt-2\">\n\t\t\t\t<div class=\"media align-items-center\">\n\t\t        \t\t\t        \t\t\t<div class=\"icon\">\n\t\t\t\t\t\t        <img decoding=\"async\" src=\"https:\/\/mctrieuphucnguyen.vn\/wp-content\/uploads\/2022\/04\/icon3.png\" alt=\"img\">\n\t\t\t\t\t\t    <\/div>\n\t\t        \t\t\t\t        \t<div class=\"media-body\">\n\t\t\t            \t\t\t        \t\t<h4>Email<\/h4>\n\t\t\t        \t\t\t\t            \t\t\t        \t\t<p>mc.phucnguyen@gmail.com<\/p>\n\t\t\t        \t\t\t\t        <\/div>\n\t\t        <\/div>\n\t        <\/div>\n        <\/div>\n\n\t\t\t\t\t<\/div>\n\t\t\t\t<\/div>\n\t\t\t\t\t<\/div>\n\t\t<\/div>\n\t\t\t\t\t<\/div>\n\t\t<\/section>\n\t\t<div class=\"elementor-element elementor-element-undefined-563d11c e-flex e-con-boxed e-con e-parent\" data-id=\"undefined-563d11c\" data-element_type=\"container\" data-settings=\"{&quot;background_background&quot;:&quot;classic&quot;}\">\n\t\t\t\t\t<div class=\"e-con-inner\">\n\t\t\t\t<div class=\"elementor-element elementor-element-undefined-44a543a elementor-widget__width-initial elementor-widget-mobile__width-inherit elementor-widget-tablet__width-inherit elementor-view-default elementor-position-block-start elementor-mobile-position-block-start elementor-widget elementor-widget-icon-box\" data-id=\"undefined-44a543a\" data-element_type=\"widget\" data-widget_type=\"icon-box.default\">\n\t\t\t\t\t\t\t<div class=\"elementor-icon-box-wrapper\">\n\n\t\t\t\t\t\t<div class=\"elementor-icon-box-icon\">\n\t\t\t\t<span  class=\"elementor-icon\">\n\t\t\t\t<svg aria-hidden=\"true\" class=\"e-font-icon-svg e-fas-star\" viewBox=\"0 0 576 512\" xmlns=\"http:\/\/www.w3.org\/2000\/svg\"><path d=\"M259.3 17.8L194 150.2 47.9 171.5c-26.2 3.8-36.7 36.1-17.7 54.6l105.7 103-25 145.5c-4.5 26.3 23.2 46 46.4 33.7L288 439.6l130.7 68.7c23.2 12.2 50.9-7.4 46.4-33.7l-25-145.5 105.7-103c19-18.5 8.5-50.8-17.7-54.6L382 150.2 316.7 17.8c-11.7-23.6-45.6-23.9-57.4 0z\"><\/path><\/svg>\t\t\t\t<\/span>\n\t\t\t<\/div>\n\t\t\t\n\t\t\t\t\t\t<div class=\"elementor-icon-box-content\">\n\n\t\t\t\t\t\t\t\t\t<h3 class=\"elementor-icon-box-title\">\n\t\t\t\t\t\t<span  >\n\t\t\t\t\t\t\tT\u00f4i c\u00f3 th\u1ec3 g\u1eb7p b\u1ea1n tr\u01b0\u1edbc khi \u0111\u01b0a ra quy\u1ebft \u0111\u1ecbnh h\u1ee3p t\u00e1c kh\u00f4ng?\t\t\t\t\t\t<\/span>\n\t\t\t\t\t<\/h3>\n\t\t\t\t\n\t\t\t\t\t\t\t\t\t<p class=\"elementor-icon-box-description\">\n\t\t\t\t\t\tT\u1ea5t nhi\u00ean l\u00e0 \u0111\u01b0\u1ee3c r\u1ed3i. \u0110i\u1ec1u quan tr\u1ecdng l\u00e0 b\u1ea1n c\u1ea3m th\u1ea5y t\u00f4i ph\u00f9 h\u1ee3p v\u1edbi s\u1ef1 ki\u1ec7n c\u1ee7a b\u1ea1n. N\u1ebfu kho\u1ea3ng c\u00e1ch xa ch\u00fang ta c\u0169ng c\u00f3 th\u1ec3 tr\u00f2 chuy\u1ec7n Online th\u00f4ng qua Google Meet ho\u1eb7c Zoom nh\u00e9!\t\t\t\t\t<\/p>\n\t\t\t\t\n\t\t\t<\/div>\n\t\t\t\n\t\t<\/div>\n\t\t\t\t\t\t<\/div>\n\t\t\t\t<div class=\"elementor-element elementor-element-undefined-cad559b elementor-widget__width-initial elementor-widget-mobile__width-inherit elementor-widget-tablet__width-inherit elementor-view-default elementor-position-block-start elementor-mobile-position-block-start elementor-widget elementor-widget-icon-box\" data-id=\"undefined-cad559b\" data-element_type=\"widget\" data-widget_type=\"icon-box.default\">\n\t\t\t\t\t\t\t<div class=\"elementor-icon-box-wrapper\">\n\n\t\t\t\t\t\t<div class=\"elementor-icon-box-icon\">\n\t\t\t\t<span  class=\"elementor-icon\">\n\t\t\t\t<svg aria-hidden=\"true\" class=\"e-font-icon-svg e-fas-star\" viewBox=\"0 0 576 512\" xmlns=\"http:\/\/www.w3.org\/2000\/svg\"><path d=\"M259.3 17.8L194 150.2 47.9 171.5c-26.2 3.8-36.7 36.1-17.7 54.6l105.7 103-25 145.5c-4.5 26.3 23.2 46 46.4 33.7L288 439.6l130.7 68.7c23.2 12.2 50.9-7.4 46.4-33.7l-25-145.5 105.7-103c19-18.5 8.5-50.8-17.7-54.6L382 150.2 316.7 17.8c-11.7-23.6-45.6-23.9-57.4 0z\"><\/path><\/svg>\t\t\t\t<\/span>\n\t\t\t<\/div>\n\t\t\t\n\t\t\t\t\t\t<div class=\"elementor-icon-box-content\">\n\n\t\t\t\t\t\t\t\t\t<h3 class=\"elementor-icon-box-title\">\n\t\t\t\t\t\t<span  >\n\t\t\t\t\t\t\tCh\u00fang t\u00f4i c\u1ea7n x\u00e1c nh\u1eadn \u0111\u1eb7t l\u1ecbch MC v\u00e0 thanh to\u00e1n kho\u1ea3n \u0111\u1eb7t c\u1ecdc kh\u00f4ng ho\u00e0n l\u1ea1i 50% nh\u01b0 th\u1ebf n\u00e0o?\t\t\t\t\t\t<\/span>\n\t\t\t\t\t<\/h3>\n\t\t\t\t\n\t\t\t\t\t\t\t\t\t<p class=\"elementor-icon-box-description\">\n\t\t\t\t\t\tT\u00f4i ngh\u0129 r\u1eb1ng tr\u01b0\u1edbc 1 th\u00e1ng di\u1ec5n ra s\u1ef1 ki\u1ec7n l\u00e0 h\u1ee3p l\u00fd. V\u00ec ch\u00fang ta s\u1ebd c\u00f3 nhi\u1ec1u th\u1eddi gian \u0111\u1ec3 trao \u0111\u1ed5i v\u00e0 l\u00ean \u00fd t\u01b0\u1edfng cho ch\u01b0\u01a1ng tr\u00ecnh \u0111\u01b0\u1ee3c t\u1ed1t nh\u1ea5t c\u00f3 th\u1ec3.\nL\u01b0u \u00fd: chi ph\u00ed c\u1ecdc 50% s\u1ebd kh\u00f4ng ho\u00e0n l\u1ea1i n\u1ebfu c\u00f3 b\u1ea5t k\u1ef3 thay \u0111\u1ed5i n\u00e0o t\u1eeb ph\u00eda c\u1ee7a b\u1ea1n.\t\t\t\t\t<\/p>\n\t\t\t\t\n\t\t\t<\/div>\n\t\t\t\n\t\t<\/div>\n\t\t\t\t\t\t<\/div>\n\t\t\t\t<div class=\"elementor-element elementor-element-undefined-dae794a elementor-widget__width-initial elementor-widget-mobile__width-inherit elementor-widget-tablet__width-inherit elementor-view-default elementor-position-block-start elementor-mobile-position-block-start elementor-widget elementor-widget-icon-box\" data-id=\"undefined-dae794a\" data-element_type=\"widget\" data-widget_type=\"icon-box.default\">\n\t\t\t\t\t\t\t<div class=\"elementor-icon-box-wrapper\">\n\n\t\t\t\t\t\t<div class=\"elementor-icon-box-icon\">\n\t\t\t\t<span  class=\"elementor-icon\">\n\t\t\t\t<svg aria-hidden=\"true\" class=\"e-font-icon-svg e-fas-star\" viewBox=\"0 0 576 512\" xmlns=\"http:\/\/www.w3.org\/2000\/svg\"><path d=\"M259.3 17.8L194 150.2 47.9 171.5c-26.2 3.8-36.7 36.1-17.7 54.6l105.7 103-25 145.5c-4.5 26.3 23.2 46 46.4 33.7L288 439.6l130.7 68.7c23.2 12.2 50.9-7.4 46.4-33.7l-25-145.5 105.7-103c19-18.5 8.5-50.8-17.7-54.6L382 150.2 316.7 17.8c-11.7-23.6-45.6-23.9-57.4 0z\"><\/path><\/svg>\t\t\t\t<\/span>\n\t\t\t<\/div>\n\t\t\t\n\t\t\t\t\t\t<div class=\"elementor-icon-box-content\">\n\n\t\t\t\t\t\t\t\t\t<h3 class=\"elementor-icon-box-title\">\n\t\t\t\t\t\t<span  >\n\t\t\t\t\t\t\tChi ph\u00ed MC c\u1ee7a b\u1ea1n bao g\u1ed3m nh\u1eefng g\u00ec?\t\t\t\t\t\t<\/span>\n\t\t\t\t\t<\/h3>\n\t\t\t\t\n\t\t\t\t\t\t\t\t\t<p class=\"elementor-icon-box-description\">\n\t\t\t\t\t\tN\u1ebfu s\u1ef1 ki\u1ec7n c\u1ee7a b\u1ea1n t\u1ed5 ch\u1ee9c \u1edf B\u00e0 R\u1ecba V\u0169ng T\u00e0u ho\u1eb7c TP.HCM (S\u00e0i G\u00f2n) th\u00ec chi ph\u00ed \u0111\u00e3 bao g\u1ed3m: Trang ph\u1ee5c, Make-up, di chuy\u1ec3n, h\u1ecdp online 1-2 bu\u1ed5i trao \u0111\u1ed5i ch\u01b0\u01a1ng tr\u00ecnh, Rehersal tr\u01b0\u1edbc s\u1ef1 ki\u1ec7n 1-2 ti\u1ebfng, d\u1eabn d\u1eaft su\u1ed1t ch\u01b0\u01a1ng tr\u00ecnh theo tho\u1ea3i thu\u1eadn h\u1ee3p \u0111\u1ed3ng.\t\t\t\t\t<\/p>\n\t\t\t\t\n\t\t\t<\/div>\n\t\t\t\n\t\t<\/div>\n\t\t\t\t\t\t<\/div>\n\t\t\t\t<div class=\"elementor-element elementor-element-undefined-90f3310 elementor-widget__width-initial elementor-widget-mobile__width-inherit elementor-widget-tablet__width-inherit elementor-view-default elementor-position-block-start elementor-mobile-position-block-start elementor-widget elementor-widget-icon-box\" data-id=\"undefined-90f3310\" data-element_type=\"widget\" data-widget_type=\"icon-box.default\">\n\t\t\t\t\t\t\t<div class=\"elementor-icon-box-wrapper\">\n\n\t\t\t\t\t\t<div class=\"elementor-icon-box-icon\">\n\t\t\t\t<span  class=\"elementor-icon\">\n\t\t\t\t<svg aria-hidden=\"true\" class=\"e-font-icon-svg e-fas-star\" viewBox=\"0 0 576 512\" xmlns=\"http:\/\/www.w3.org\/2000\/svg\"><path d=\"M259.3 17.8L194 150.2 47.9 171.5c-26.2 3.8-36.7 36.1-17.7 54.6l105.7 103-25 145.5c-4.5 26.3 23.2 46 46.4 33.7L288 439.6l130.7 68.7c23.2 12.2 50.9-7.4 46.4-33.7l-25-145.5 105.7-103c19-18.5 8.5-50.8-17.7-54.6L382 150.2 316.7 17.8c-11.7-23.6-45.6-23.9-57.4 0z\"><\/path><\/svg>\t\t\t\t<\/span>\n\t\t\t<\/div>\n\t\t\t\n\t\t\t\t\t\t<div class=\"elementor-icon-box-content\">\n\n\t\t\t\t\t\t\t\t\t<h3 class=\"elementor-icon-box-title\">\n\t\t\t\t\t\t<span  >\n\t\t\t\t\t\t\tRehearsal tr\u01b0\u1edbc ch\u01b0\u01a1ng tr\u00ecnh c\u00f3 t\u1ed1n ph\u00ed kh\u00f4ng?\t\t\t\t\t\t<\/span>\n\t\t\t\t\t<\/h3>\n\t\t\t\t\n\t\t\t\t\t\t\t\t\t<p class=\"elementor-icon-box-description\">\n\t\t\t\t\t\tN\u1ebfu Rehearsal tr\u01b0\u1edbc ch\u01b0\u01a1ng tr\u00ecnh 1-2 ti\u1ebfng s\u1ebd kh\u00f4ng m\u1ea5t ph\u00ed. T\u00f4i r\u1ea5t s\u1eb5n l\u00f2ng h\u1ed7 tr\u1ee3 b\u1ea1n.\n\nN\u1ebfu Reahersal tr\u01b0\u1edbc 1 ng\u00e0y th\u00ec b\u1ea1n vui l\u00f2ng h\u1ed7 tr\u1ee3 t\u00f4i 30% gi\u00e1 tr\u1ecb h\u1ee3p \u0111\u1ed3ng MC nh\u00e9! (V\u00ec t\u00f4i ph\u1ea3i d\u00e0nh 1 ng\u00e0y \u0111\u00f3 \u0111\u1ec3 kh\u00f4ng nh\u1eadn show kh\u00e1c v\u00e0 t\u1ed5ng duy\u1ec7t c\u00f9ng b\u1ea1n)\t\t\t\t\t<\/p>\n\t\t\t\t\n\t\t\t<\/div>\n\t\t\t\n\t\t<\/div>\n\t\t\t\t\t\t<\/div>\n\t\t\t\t\t<\/div>\n\t\t\t\t<\/div>\n\t\t\t\t<\/div>\n\t\t","protected":false},"excerpt":{"rendered":"<p>Th\u00f4ng tin li\u00ean h\u1ec7 K\u1ebft n\u1ed1i v\u1edbi t\u00f4i th\u00f4ng qua c\u00e1c k\u00eanh sau: \u0110\u1ecba ch\u1ec9 564 C\u00e1ch M\u1ea1ng Th\u00e1ng T\u00e1m, Ph\u01b0\u1edbc Trung, B\u00e0 R\u1ecba, B\u00e0 R\u1ecba &#8211; V\u0169ng T\u00e0u S\u1ed1 \u0111i\u1ec7n tho\u1ea1i \/ Zalo \/ Viber 0931560956 (Mr. Tri\u1ec7u Ph\u00fac Nguy\u00ean) Email mc.phucnguyen@gmail.com T\u00f4i c\u00f3 th\u1ec3 g\u1eb7p b\u1ea1n tr\u01b0\u1edbc khi \u0111\u01b0a ra quy\u1ebft \u0111\u1ecbnh h\u1ee3p [&hellip;]<\/p>\n","protected":false},"author":1,"featured_media":0,"parent":0,"menu_order":0,"comment_status":"closed","ping_status":"closed","template":"page-header-three.php","meta":{"om_disable_all_campaigns":false,"_monsterinsights_skip_tracking":false,"_monsterinsights_sitenote_active":false,"_monsterinsights_sitenote_note":"","_monsterinsights_sitenote_category":0,"footnotes":""},"class_list":["post-593","page","type-page","status-publish","hentry","single-blog-list-item"],"_links":{"self":[{"href":"https:\/\/mctrieuphucnguyen.vn\/index.php?rest_route=\/wp\/v2\/pages\/593","targetHints":{"allow":["GET"]}}],"collection":[{"href":"https:\/\/mctrieuphucnguyen.vn\/index.php?rest_route=\/wp\/v2\/pages"}],"about":[{"href":"https:\/\/mctrieuphucnguyen.vn\/index.php?rest_route=\/wp\/v2\/types\/page"}],"author":[{"embeddable":true,"href":"https:\/\/mctrieuphucnguyen.vn\/index.php?rest_route=\/wp\/v2\/users\/1"}],"replies":[{"embeddable":true,"href":"https:\/\/mctrieuphucnguyen.vn\/index.php?rest_route=%2Fwp%2Fv2%2Fcomments&post=593"}],"version-history":[{"count":14,"href":"https:\/\/mctrieuphucnguyen.vn\/index.php?rest_route=\/wp\/v2\/pages\/593\/revisions"}],"predecessor-version":[{"id":4846,"href":"https:\/\/mctrieuphucnguyen.vn\/index.php?rest_route=\/wp\/v2\/pages\/593\/revisions\/4846"}],"wp:attachment":[{"href":"https:\/\/mctrieuphucnguyen.vn\/index.php?rest_route=%2Fwp%2Fv2%2Fmedia&parent=593"}],"curies":[{"name":"wp","href":"https:\/\/api.w.org\/{rel}","templated":true}]}}